{"id":8408,"date":"2022-02-25T14:03:49","date_gmt":"2022-02-25T13:03:49","guid":{"rendered":"http:\/\/sklep.luxdentica.pl\/?post_type=product&#038;p=8408"},"modified":"2022-03-02T17:01:06","modified_gmt":"2022-03-02T16:01:06","slug":"podaruj-to-co-najbardziej-praktyczne-100-zl","status":"publish","type":"product","link":"https:\/\/sklep.luxdentica.pl\/en\/produkt\/podaruj-to-co-najbardziej-praktyczne-100-zl\/","title":{"rendered":"Podaruj to, co najbardziej praktyczne 100 z\u0142"},"content":{"rendered":"","protected":false},"excerpt":{"rendered":"<p><span style=\"font-weight: 400;\">Karta podarunkowa by Luxdentica to najlepszy pomys\u0142 na prezent dla ka\u017cdego! <\/span><span style=\"font-weight: 400;\">Spraw przyjemno\u015b\u0107 bliskiej Ci osobie i podaruj jej mo\u017cliwo\u015b\u0107 spe\u0142nienia marze\u0144. <\/span><span style=\"font-weight: 400;\">Z kart\u0105 podarunkow\u0105 by Luxdentica zakup wymarzonych zabieg\u00f3w estetycznych to prawdziwy komfort.<\/span><span style=\"font-weight: 400;\"><br \/>\n<\/span><span style=\"font-weight: 400;\"><br \/>\n<\/span><span style=\"font-weight: 400;\">Kart\u0119 mo\u017cna zrealizowa\u0107 we wszystkich Klinikach Luxdentica w Krakowie. <\/span><span style=\"font-weight: 400;\">Karta nie podlega rabatowaniu.<\/span><\/p>\n","protected":false},"featured_media":8389,"template":"","meta":{"inline_featured_image":false,"_ppp_document_settings_meta":""},"product_brand":[],"product_cat":[62],"product_tag":[],"class_list":{"0":"post-8408","1":"product","2":"type-product","3":"status-publish","4":"has-post-thumbnail","6":"product_cat-vocuhery","7":"description-off","9":"first","10":"instock","11":"virtual","12":"taxable","13":"purchasable","14":"product-type-simple"},"_links":{"self":[{"href":"https:\/\/sklep.luxdentica.pl\/en\/wp-json\/wp\/v2\/product\/8408","targetHints":{"allow":["GET"]}}],"collection":[{"href":"https:\/\/sklep.luxdentica.pl\/en\/wp-json\/wp\/v2\/product"}],"about":[{"href":"https:\/\/sklep.luxdentica.pl\/en\/wp-json\/wp\/v2\/types\/product"}],"wp:featuredmedia":[{"embeddable":true,"href":"https:\/\/sklep.luxdentica.pl\/en\/wp-json\/wp\/v2\/media\/8389"}],"wp:attachment":[{"href":"https:\/\/sklep.luxdentica.pl\/en\/wp-json\/wp\/v2\/media?parent=8408"}],"wp:term":[{"taxonomy":"product_brand","embeddable":true,"href":"https:\/\/sklep.luxdentica.pl\/en\/wp-json\/wp\/v2\/product_brand?post=8408"},{"taxonomy":"product_cat","embeddable":true,"href":"https:\/\/sklep.luxdentica.pl\/en\/wp-json\/wp\/v2\/product_cat?post=8408"},{"taxonomy":"product_tag","embeddable":true,"href":"https:\/\/sklep.luxdentica.pl\/en\/wp-json\/wp\/v2\/product_tag?post=8408"}],"curies":[{"name":"wp","href":"https:\/\/api.w.org\/{rel}","templated":true}]}}